{"id":11,"date":"2025-07-07T11:56:57","date_gmt":"2025-07-07T14:56:57","guid":{"rendered":"https:\/\/koby.com.ar\/home\/carro\/"},"modified":"2025-08-07T09:33:40","modified_gmt":"2025-08-07T12:33:40","slug":"carro","status":"publish","type":"page","link":"https:\/\/koby.com.ar\/home\/carro\/","title":{"rendered":"Carrito"},"content":{"rendered":"\n<div data-block-name=\"woocommerce\/cart\" class=\"wp-block-woocommerce-cart alignwide is-loading\">\n<div data-block-name=\"woocommerce\/filled-cart-block\" class=\"wp-block-woocommerce-filled-cart-block\">\n<div data-block-name=\"woocommerce\/cart-items-block\" class=\"wp-block-woocommerce-cart-items-block\">\n<div data-block-name=\"woocommerce\/cart-line-items-block\" class=\"wp-block-woocommerce-cart-line-items-block\"><\/div>\n\n\n\n<div data-block-name=\"woocommerce\/cart-cross-sells-block\" class=\"wp-block-woocommerce-cart-cross-sells-block\">\n<h2 class=\"wp-block-heading has-large-font-size\">Tambi\u00e9n te puede interesar&#8230;<\/h2>\n\n\n\n<div data-block-name=\"woocommerce\/cart-cross-sells-products-block\" class=\"wp-block-woocommerce-cart-cross-sells-products-block\"><\/div>\n<\/div>\n<\/div>\n\n\n\n<div data-block-name=\"woocommerce\/cart-totals-block\" class=\"wp-block-woocommerce-cart-totals-block\">\n<div data-block-name=\"woocommerce\/cart-order-summary-block\" class=\"wp-block-woocommerce-cart-order-summary-block\">\n<div data-block-name=\"woocommerce\/cart-order-summary-heading-block\" class=\"wp-block-woocommerce-cart-order-summary-heading-block\"><\/div><div data-block-name=\"woocommerce\/cart-order-summary-coupon-form-block\" class=\"wp-block-woocommerce-cart-order-summary-coupon-form-block\"><\/div><div data-block-name=\"woocommerce\/cart-order-summary-totals-block\" class=\"wp-block-woocommerce-cart-order-summary-totals-block\">\n<div data-block-name=\"woocommerce\/cart-order-summary-subtotal-block\" class=\"wp-block-woocommerce-cart-order-summary-subtotal-block\"><\/div>\n<div data-block-name=\"woocommerce\/cart-order-summary-discount-block\" class=\"wp-block-woocommerce-cart-order-summary-discount-block\"><\/div>\n<div data-block-name=\"woocommerce\/cart-order-summary-fee-block\" class=\"wp-block-woocommerce-cart-order-summary-fee-block\"><\/div>\n<div data-block-name=\"woocommerce\/cart-order-summary-shipping-block\" class=\"wp-block-woocommerce-cart-order-summary-shipping-block\"><\/div>\n<div data-block-name=\"woocommerce\/cart-order-summary-taxes-block\" class=\"wp-block-woocommerce-cart-order-summary-taxes-block\"><\/div><\/div>\n<\/div>\n\n\n\n<div data-block-name=\"woocommerce\/cart-express-payment-block\" class=\"wp-block-woocommerce-cart-express-payment-block\"><\/div>\n\n\n\n<div data-block-name=\"woocommerce\/proceed-to-checkout-block\" class=\"wp-block-woocommerce-proceed-to-checkout-block\"><\/div>\n\n\n\n<div data-block-name=\"woocommerce\/cart-accepted-payment-methods-block\" class=\"wp-block-woocommerce-cart-accepted-payment-methods-block\"><\/div>\n<\/div>\n<\/div>\n\n\n\n<div data-block-name=\"woocommerce\/empty-cart-block\" class=\"wp-block-woocommerce-empty-cart-block\">\n<h2 class=\"wp-block-heading has-text-align-center with-empty-cart-icon wc-block-cart__empty-cart__title\">\u00a1Tu carrito en este momento est\u00e1 vac\u00edo!<\/h2>\n\n\n\n<hr class=\"wp-block-separator has-alpha-channel-opacity is-style-dots\"\/>\n\n\n\n<h2 class=\"wp-block-heading has-text-align-center\">Nuevo en la tienda<\/h2>\n\n\n<div data-block-name=\"woocommerce\/product-new\" data-columns=\"4\" data-rows=\"1\" class=\"wc-block-grid wp-block-product-new wp-block-woocommerce-product-new wc-block-product-new has-4-columns\"><ul class=\"wc-block-grid__products\"><li class=\"wc-block-grid__product\">\n\t\t\t\t<a href=\"https:\/\/koby.com.ar\/home\/catalogo\/transportador-10cmts-180o-koby\/\" class=\"wc-block-grid__product-link\">\n\t\t\t\t\t\n\t\t\t\t\t<div class=\"wc-block-grid__product-image\"><img fetchpriority=\"high\" decoding=\"async\" width=\"300\" height=\"300\" src=\"https:\/\/koby.com.ar\/home\/wp-content\/uploads\/2026\/01\/4036-300x300.jpg\" class=\"attachment-woocommerce_thumbnail size-woocommerce_thumbnail\" alt=\"TRANSPORTADOR 10CMTS 180\u00ba  KOBY\" \/><\/div>\n\t\t\t\t\t<div class=\"wc-block-grid__product-title\">TRANSPORTADOR 10CMTS 180\u00ba  KOBY<\/div>\n\t\t\t\t<\/a>\n\t\t\t\t<div class=\"wc-block-grid__product-price price\"><\/div>\n\t\t\t\t\n\t\t\t\t<div class=\"wp-block-button wc-block-grid__product-add-to-cart\"><a href=\"https:\/\/koby.com.ar\/home\/catalogo\/transportador-10cmts-180o-koby\/\" aria-label=\"Le\u00e9 m\u00e1s sobre &ldquo;TRANSPORTADOR 10CMTS 180\u00ba  KOBY&rdquo;\" data-quantity=\"1\" data-product_id=\"65464\" data-product_sku=\"4036\" data-price=\"0\" rel=\"nofollow\" class=\"wp-block-button__link  add_to_cart_button\">Leer m\u00e1s<\/a><\/div>\n\t\t\t<\/li><li class=\"wc-block-grid__product\">\n\t\t\t\t<a href=\"https:\/\/koby.com.ar\/home\/catalogo\/silla-gamer-respaldo-reclinable-145-dj-2303\/\" class=\"wc-block-grid__product-link\">\n\t\t\t\t\t\n\t\t\t\t\t<div class=\"wc-block-grid__product-image\"><img decoding=\"async\" width=\"300\" height=\"300\" src=\"https:\/\/koby.com.ar\/home\/wp-content\/uploads\/2026\/01\/54313-1-scaled.jpg\" class=\"attachment-woocommerce_thumbnail size-woocommerce_thumbnail\" alt=\"SILLA GAMER RESPALDO RECLINABLE 145\u00b0 DJ-2303\" \/><\/div>\n\t\t\t\t\t<div class=\"wc-block-grid__product-title\">SILLA GAMER RESPALDO RECLINABLE 145\u00b0 DJ-2303<\/div>\n\t\t\t\t<\/a>\n\t\t\t\t<div class=\"wc-block-grid__product-price price\"><\/div>\n\t\t\t\t\n\t\t\t\t<div class=\"wp-block-button wc-block-grid__product-add-to-cart\"><a href=\"https:\/\/koby.com.ar\/home\/catalogo\/silla-gamer-respaldo-reclinable-145-dj-2303\/\" aria-label=\"Le\u00e9 m\u00e1s sobre &ldquo;SILLA GAMER RESPALDO RECLINABLE 145\u00b0 DJ-2303&rdquo;\" data-quantity=\"1\" data-product_id=\"65450\" data-product_sku=\"54313\" data-price=\"0\" rel=\"nofollow\" class=\"wp-block-button__link  add_to_cart_button\">Leer m\u00e1s<\/a><\/div>\n\t\t\t<\/li><li class=\"wc-block-grid__product\">\n\t\t\t\t<a href=\"https:\/\/koby.com.ar\/home\/catalogo\/senalador-galera-x-50-koby-vs-marcas\/\" class=\"wc-block-grid__product-link\">\n\t\t\t\t\t\n\t\t\t\t\t<div class=\"wc-block-grid__product-image\"><img decoding=\"async\" width=\"300\" height=\"300\" src=\"https:\/\/koby.com.ar\/home\/wp-content\/uploads\/2026\/01\/19880-1-scaled.jpg\" class=\"attachment-woocommerce_thumbnail size-woocommerce_thumbnail\" alt=\"SE\u00d1ALADOR GALERA  X 50 KOBY VS MARCAS\" \/><\/div>\n\t\t\t\t\t<div class=\"wc-block-grid__product-title\">SE\u00d1ALADOR GALERA  X 50 KOBY VS MARCAS<\/div>\n\t\t\t\t<\/a>\n\t\t\t\t<div class=\"wc-block-grid__product-price price\"><\/div>\n\t\t\t\t\n\t\t\t\t<div class=\"wp-block-button wc-block-grid__product-add-to-cart\"><a href=\"https:\/\/koby.com.ar\/home\/catalogo\/senalador-galera-x-50-koby-vs-marcas\/\" aria-label=\"Le\u00e9 m\u00e1s sobre &ldquo;SE\u00d1ALADOR GALERA  X 50 KOBY VS MARCAS&rdquo;\" data-quantity=\"1\" data-product_id=\"65446\" data-product_sku=\"19880\" data-price=\"0\" rel=\"nofollow\" class=\"wp-block-button__link  add_to_cart_button\">Leer m\u00e1s<\/a><\/div>\n\t\t\t<\/li><li class=\"wc-block-grid__product\">\n\t\t\t\t<a href=\"https:\/\/koby.com.ar\/home\/catalogo\/repuesto-canson-koby-muresco-no-6-blanco\/\" class=\"wc-block-grid__product-link\">\n\t\t\t\t\t\n\t\t\t\t\t<div class=\"wc-block-grid__product-image\"><img loading=\"lazy\" decoding=\"async\" width=\"300\" height=\"300\" src=\"https:\/\/koby.com.ar\/home\/wp-content\/uploads\/2026\/01\/14461-1-scaled.jpg\" class=\"attachment-woocommerce_thumbnail size-woocommerce_thumbnail\" alt=\"REPUESTO CANSON KOBY\/MURESCO N\u00ba 6 BLANCO\" \/><\/div>\n\t\t\t\t\t<div class=\"wc-block-grid__product-title\">REPUESTO CANSON KOBY\/MURESCO N\u00ba 6 BLANCO<\/div>\n\t\t\t\t<\/a>\n\t\t\t\t<div class=\"wc-block-grid__product-price price\"><\/div>\n\t\t\t\t\n\t\t\t\t<div class=\"wp-block-button wc-block-grid__product-add-to-cart\"><a href=\"https:\/\/koby.com.ar\/home\/catalogo\/repuesto-canson-koby-muresco-no-6-blanco\/\" aria-label=\"Le\u00e9 m\u00e1s sobre &ldquo;REPUESTO CANSON KOBY\/MURESCO N\u00ba 6 BLANCO&rdquo;\" data-quantity=\"1\" data-product_id=\"65434\" data-product_sku=\"14461\" data-price=\"0\" rel=\"nofollow\" class=\"wp-block-button__link  add_to_cart_button\">Leer m\u00e1s<\/a><\/div>\n\t\t\t<\/li><\/ul><\/div><\/div>\n<\/div>\n","protected":false},"excerpt":{"rendered":"","protected":false},"author":1,"featured_media":0,"parent":0,"menu_order":0,"comment_status":"closed","ping_status":"closed","template":"","meta":{"_acf_changed":false,"_eb_attr":"","footnotes":""},"class_list":["post-11","page","type-page","status-publish","hentry"],"acf":[],"yoast_head":"<!-- This site is optimized with the Yoast SEO plugin v26.9 - https:\/\/yoast.com\/product\/yoast-seo-wordpress\/ -->\n<title>Carrito - Koby Argentina<\/title>\n<meta name=\"robots\" content=\"index, follow, max-snippet:-1, max-image-preview:large, max-video-preview:-1\" \/>\n<link rel=\"canonical\" href=\"https:\/\/koby.com.ar\/home\/carro\/\" \/>\n<meta property=\"og:locale\" content=\"es_ES\" \/>\n<meta property=\"og:type\" content=\"article\" \/>\n<meta property=\"og:title\" content=\"Carrito - Koby Argentina\" \/>\n<meta property=\"og:url\" content=\"https:\/\/koby.com.ar\/home\/carro\/\" \/>\n<meta property=\"og:site_name\" content=\"Koby Argentina\" \/>\n<meta property=\"article:modified_time\" content=\"2025-08-07T12:33:40+00:00\" \/>\n<meta name=\"twitter:card\" content=\"summary_large_image\" \/>\n<script type=\"application\/ld+json\" class=\"yoast-schema-graph\">{\"@context\":\"https:\/\/schema.org\",\"@graph\":[{\"@type\":\"WebPage\",\"@id\":\"https:\/\/koby.com.ar\/home\/carro\/\",\"url\":\"https:\/\/koby.com.ar\/home\/carro\/\",\"name\":\"Carrito - Koby Argentina\",\"isPartOf\":{\"@id\":\"https:\/\/koby.com.ar\/home\/#website\"},\"datePublished\":\"2025-07-07T14:56:57+00:00\",\"dateModified\":\"2025-08-07T12:33:40+00:00\",\"breadcrumb\":{\"@id\":\"https:\/\/koby.com.ar\/home\/carro\/#breadcrumb\"},\"inLanguage\":\"es-AR\",\"potentialAction\":[{\"@type\":\"ReadAction\",\"target\":[\"https:\/\/koby.com.ar\/home\/carro\/\"]}]},{\"@type\":\"BreadcrumbList\",\"@id\":\"https:\/\/koby.com.ar\/home\/carro\/#breadcrumb\",\"itemListElement\":[{\"@type\":\"ListItem\",\"position\":1,\"name\":\"Inicio\",\"item\":\"https:\/\/koby.com.ar\/home\/\"},{\"@type\":\"ListItem\",\"position\":2,\"name\":\"Carrito\"}]},{\"@type\":\"WebSite\",\"@id\":\"https:\/\/koby.com.ar\/home\/#website\",\"url\":\"https:\/\/koby.com.ar\/home\/\",\"name\":\"Koby Argentina\",\"description\":\"\",\"potentialAction\":[{\"@type\":\"SearchAction\",\"target\":{\"@type\":\"EntryPoint\",\"urlTemplate\":\"https:\/\/koby.com.ar\/home\/?s={search_term_string}\"},\"query-input\":{\"@type\":\"PropertyValueSpecification\",\"valueRequired\":true,\"valueName\":\"search_term_string\"}}],\"inLanguage\":\"es-AR\"}]}<\/script>\n<!-- \/ Yoast SEO plugin. -->","yoast_head_json":{"title":"Carrito - Koby Argentina","robots":{"index":"index","follow":"follow","max-snippet":"max-snippet:-1","max-image-preview":"max-image-preview:large","max-video-preview":"max-video-preview:-1"},"canonical":"https:\/\/koby.com.ar\/home\/carro\/","og_locale":"es_ES","og_type":"article","og_title":"Carrito - Koby Argentina","og_url":"https:\/\/koby.com.ar\/home\/carro\/","og_site_name":"Koby Argentina","article_modified_time":"2025-08-07T12:33:40+00:00","twitter_card":"summary_large_image","schema":{"@context":"https:\/\/schema.org","@graph":[{"@type":"WebPage","@id":"https:\/\/koby.com.ar\/home\/carro\/","url":"https:\/\/koby.com.ar\/home\/carro\/","name":"Carrito - Koby Argentina","isPartOf":{"@id":"https:\/\/koby.com.ar\/home\/#website"},"datePublished":"2025-07-07T14:56:57+00:00","dateModified":"2025-08-07T12:33:40+00:00","breadcrumb":{"@id":"https:\/\/koby.com.ar\/home\/carro\/#breadcrumb"},"inLanguage":"es-AR","potentialAction":[{"@type":"ReadAction","target":["https:\/\/koby.com.ar\/home\/carro\/"]}]},{"@type":"BreadcrumbList","@id":"https:\/\/koby.com.ar\/home\/carro\/#breadcrumb","itemListElement":[{"@type":"ListItem","position":1,"name":"Inicio","item":"https:\/\/koby.com.ar\/home\/"},{"@type":"ListItem","position":2,"name":"Carrito"}]},{"@type":"WebSite","@id":"https:\/\/koby.com.ar\/home\/#website","url":"https:\/\/koby.com.ar\/home\/","name":"Koby Argentina","description":"","potentialAction":[{"@type":"SearchAction","target":{"@type":"EntryPoint","urlTemplate":"https:\/\/koby.com.ar\/home\/?s={search_term_string}"},"query-input":{"@type":"PropertyValueSpecification","valueRequired":true,"valueName":"search_term_string"}}],"inLanguage":"es-AR"}]}},"_links":{"self":[{"href":"https:\/\/koby.com.ar\/home\/wp-json\/wp\/v2\/pages\/11","targetHints":{"allow":["GET"]}}],"collection":[{"href":"https:\/\/koby.com.ar\/home\/wp-json\/wp\/v2\/pages"}],"about":[{"href":"https:\/\/koby.com.ar\/home\/wp-json\/wp\/v2\/types\/page"}],"author":[{"embeddable":true,"href":"https:\/\/koby.com.ar\/home\/wp-json\/wp\/v2\/users\/1"}],"replies":[{"embeddable":true,"href":"https:\/\/koby.com.ar\/home\/wp-json\/wp\/v2\/comments?post=11"}],"version-history":[{"count":1,"href":"https:\/\/koby.com.ar\/home\/wp-json\/wp\/v2\/pages\/11\/revisions"}],"predecessor-version":[{"id":51798,"href":"https:\/\/koby.com.ar\/home\/wp-json\/wp\/v2\/pages\/11\/revisions\/51798"}],"wp:attachment":[{"href":"https:\/\/koby.com.ar\/home\/wp-json\/wp\/v2\/media?parent=11"}],"curies":[{"name":"wp","href":"https:\/\/api.w.org\/{rel}","templated":true}]}}